{"id":315,"date":"2024-05-19T16:22:53","date_gmt":"2024-05-19T16:22:53","guid":{"rendered":"https:\/\/zkrr.vnacja.pl\/?page_id=315"},"modified":"2024-05-19T16:24:46","modified_gmt":"2024-05-19T16:24:46","slug":"zwiazek-winkulijski","status":"publish","type":"page","link":"https:\/\/zkrr.vnacja.pl\/wp\/zwiazek-winkulijski\/","title":{"rendered":"Zwi\u0105zek Winkulijski"},"content":{"rendered":"\n<div class=\"wp-block-file\"><a id=\"wp-block-file--media-5b390f40-63bf-4265-9bf3-fcff2fe271b9\" href=\"https:\/\/zkrr.vnacja.pl\/wp-content\/uploads\/2024\/05\/Traktat_Winkulia.pdf\">Traktat o przyja\u017ani i wsp\u00f3\u0142pracy<\/a><a href=\"https:\/\/zkrr.vnacja.pl\/wp-content\/uploads\/2024\/05\/Traktat_Winkulia.pdf\" class=\"wp-block-file__button wp-element-button\" download aria-describedby=\"wp-block-file--media-5b390f40-63bf-4265-9bf3-fcff2fe271b9\">Pobierz<\/a><\/div>\n","protected":false},"excerpt":{"rendered":"","protected":false},"author":1,"featured_media":0,"parent":0,"menu_order":0,"comment_status":"closed","ping_status":"closed","template":"","meta":{"footnotes":""},"class_list":["post-315","page","type-page","status-publish","hentry"],"_links":{"self":[{"href":"https:\/\/zkrr.vnacja.pl\/wp\/wp-json\/wp\/v2\/pages\/315","targetHints":{"allow":["GET"]}}],"collection":[{"href":"https:\/\/zkrr.vnacja.pl\/wp\/wp-json\/wp\/v2\/pages"}],"about":[{"href":"https:\/\/zkrr.vnacja.pl\/wp\/wp-json\/wp\/v2\/types\/page"}],"author":[{"embeddable":true,"href":"https:\/\/zkrr.vnacja.pl\/wp\/wp-json\/wp\/v2\/users\/1"}],"replies":[{"embeddable":true,"href":"https:\/\/zkrr.vnacja.pl\/wp\/wp-json\/wp\/v2\/comments?post=315"}],"version-history":[{"count":2,"href":"https:\/\/zkrr.vnacja.pl\/wp\/wp-json\/wp\/v2\/pages\/315\/revisions"}],"predecessor-version":[{"id":322,"href":"https:\/\/zkrr.vnacja.pl\/wp\/wp-json\/wp\/v2\/pages\/315\/revisions\/322"}],"wp:attachment":[{"href":"https:\/\/zkrr.vnacja.pl\/wp\/wp-json\/wp\/v2\/media?parent=315"}],"curies":[{"name":"wp","href":"https:\/\/api.w.org\/{rel}","templated":true}]}}